{"id":2002,"date":"2023-11-21T14:45:03","date_gmt":"2023-11-21T14:45:03","guid":{"rendered":"https:\/\/moulin-1826.fr\/?page_id=2002"},"modified":"2024-01-10T08:30:29","modified_gmt":"2024-01-10T08:30:29","slug":"mentions-legales-2","status":"publish","type":"page","link":"https:\/\/moulin-1826.fr\/?page_id=2002","title":{"rendered":"CGV"},"content":{"rendered":"\t\t<div data-elementor-type=\"wp-page\" data-elementor-id=\"2002\" class=\"elementor elementor-2002\">\n\t\t\t\t\t\t<section class=\"elementor-section elementor-top-section elementor-element elementor-element-67726ee elementor-section-boxed elementor-section-height-default elementor-section-height-default\" data-id=\"67726ee\" data-element_type=\"section\" data-e-type=\"section\">\n\t\t\t\t\t\t<div class=\"elementor-container elementor-column-gap-default\">\n\t\t\t\t\t<div class=\"elementor-column elementor-col-100 elementor-top-column elementor-element elementor-element-e099ffc\" data-id=\"e099ffc\" data-element_type=\"column\" data-e-type=\"column\">\n\t\t\t<div class=\"elementor-widget-wrap elementor-element-populated\">\n\t\t\t\t\t\t<div class=\"elementor-element elementor-element-a9862a5 elementor-widget elementor-widget-text-editor\" data-id=\"a9862a5\" data-element_type=\"widget\" data-e-type=\"widget\" data-widget_type=\"text-editor.default\">\n\t\t\t\t<div class=\"elementor-widget-container\">\n\t\t\t\t\t\t\t\t\t<div>\n<div>\n<div>\n<div>\n<h1 style=\"text-align: left;\">Conditions g\u00e9n\u00e9rales de vente<\/h1>\n<div style=\"text-align: left;\">&nbsp;<\/div>\n<\/div>\n<\/div>\n<\/div>\n<\/div>\n<div>\n<div>\n<div>\n<div>\n<p style=\"margin-bottom: 6.0pt;\"><b><u><span style=\"font-size: 9.0pt; line-height: 115%; color: #0f243e; mso-themecolor: text2; mso-themeshade: 128;\">Tarifs des chambres (petit d\u00e9jeuner compris)<\/span><\/u><\/b><\/p>\n<p style=\"margin-bottom: 6.0pt;\"><b><span style=\"font-size: 9.0pt; line-height: 115%; color: #0f243e; mso-themecolor: text2; mso-themeshade: 128;\">Chambre simple (1 personne) avec salle de douche 105 \u20ac<\/span><\/b><\/p>\n<p style=\"margin-bottom: 6.0pt;\"><b><span style=\"font-size: 9.0pt; line-height: 115%; color: #0f243e; mso-themecolor: text2; mso-themeshade: 128;\">Chambre double (2 personnes) avec salle de douche 115 \u20ac<\/span><\/b><\/p>\n<p style=\"margin-bottom: 6.0pt;\"><b><span style=\"font-size: 9.0pt; line-height: 115%; color: #0f243e; mso-themecolor: text2; mso-themeshade: 128;\">Chambre Triple (3 personnes) &nbsp;avec salle de douche 140 \u20ac<\/span><\/b><\/p>\n<p style=\"margin-bottom: 6.0pt;\"><b><span style=\"font-size: 9.0pt; line-height: 115%; color: #0f243e; mso-themecolor: text2; mso-themeshade: 128;\">Le parking, la connexion internet et la piscine (ouverte du 15 mai au 15 septembre) sont mis \u00e0 disposition des h\u00f4tes gracieusement.<\/span><\/b><\/p>\n<p style=\"margin-bottom: 6.0pt;\"><b><span style=\"font-size: 9.0pt; line-height: 115%; color: #0f243e; mso-themecolor: text2; mso-themeshade: 128;\">Horaire d\u2019arriv\u00e9e&nbsp;: entre 16h et 19h<\/span><\/b><\/p>\n<p style=\"margin-bottom: 6.0pt;\"><b><span style=\"font-size: 9.0pt; line-height: 115%; color: #0f243e; mso-themecolor: text2; mso-themeshade: 128;\">Horaire de d\u00e9part&nbsp;: 10h30<\/span><\/b><\/p>\n<p style=\"margin-bottom: 6.0pt;\"><b><span style=\"font-size: 9.0pt; line-height: 115%; color: #0f243e; mso-themecolor: text2; mso-themeshade: 128;\">&nbsp;<\/span><\/b><\/p>\n<p style=\"margin-bottom: 6.0pt;\"><b><u><span style=\"font-size: 9.0pt; line-height: 115%; color: #0f243e; mso-themecolor: text2; mso-themeshade: 128;\">R\u00e9servations et paiement<\/span><\/u><\/b><\/p>\n<p style=\"margin-bottom: 6.0pt;\"><b><span style=\"font-size: 9.0pt; line-height: 115%; color: #0f243e; mso-themecolor: text2; mso-themeshade: 128;\">La r\u00e9servation d\u2019une chambre se fait par t\u00e9l\u00e9phone ou par mail (via le formulaire de contact du site internet moulin-1826.fr)<\/span><\/b><\/p>\n<p style=\"margin-bottom: 6.0pt;\"><b><span style=\"font-size: 9.0pt; line-height: 115%; color: #0f243e; mso-themecolor: text2; mso-themeshade: 128;\">Tel&nbsp;: 06 34 42 80 97<\/span><\/b><\/p>\n<p style=\"margin-bottom: 6.0pt;\"><b><span style=\"font-size: 9.0pt; line-height: 115%; color: #0f243e; mso-themecolor: text2; mso-themeshade: 128;\">Mail&nbsp;: <\/span><\/b><a href=\"mailto:marcbaubion@wanadoo.fr\"><b><span style=\"font-size: 9.0pt; line-height: 115%; color: #0f243e; mso-themecolor: text2; mso-themeshade: 128;\">marcbaubion@wanadoo.fr<\/span><\/b><\/a><b><\/b><\/p>\n<p style=\"margin-bottom: 6.0pt;\"><b><span style=\"font-size: 9.0pt; line-height: 115%; color: #0f243e; mso-themecolor: text2; mso-themeshade: 128;\">Le paiement de la chambre se fait \u00e0 la r\u00e9servation, soit sur place, soit par t\u00e9l\u00e9phone. Dans le cas d\u2019une r\u00e9servation par le biais de Booking, le paiement se fait lors du d\u00e9part. <\/span><\/b><\/p>\n<p style=\"margin-bottom: 6.0pt;\"><b><span style=\"font-size: 9.0pt; line-height: 115%; color: #0f243e; mso-themecolor: text2; mso-themeshade: 128;\">Confirmation de r\u00e9servation&nbsp;: La confirmation de la r\u00e9servation se fait \u00e0 l\u2019oral, lors du paiement par t\u00e9l\u00e9phone, mais une confirmation par mail peut \u00eatre envoy\u00e9e sur demande<\/span><\/b><\/p>\n<p style=\"margin-bottom: 6.0pt;\"><b><span style=\"font-size: 9.0pt; line-height: 115%; color: #0f243e; mso-themecolor: text2; mso-themeshade: 128;\">Le paiement donne lieu \u00e0 l\u2019\u00e9dition d\u2019une facture qui sera remise au client.<\/span><\/b><\/p>\n<p style=\"margin-bottom: 6.0pt;\"><b><span style=\"font-size: 9.0pt; line-height: 115%; color: #0f243e; mso-themecolor: text2; mso-themeshade: 128;\">&nbsp;<\/span><\/b><\/p>\n<p style=\"margin-bottom: 6.0pt;\"><b><u><span style=\"font-size: 9.0pt; line-height: 115%; color: #0f243e; mso-themecolor: text2; mso-themeshade: 128;\">Droit de r\u00e9tractation ou annulation<\/span><\/u><\/b><\/p>\n<p style=\"margin-bottom: 6.0pt;\"><b><span style=\"font-size: 9.0pt; line-height: 115%; color: #0f243e; mso-themecolor: text2; mso-themeshade: 128;\">Toute r\u00e9servation peut \u00eatre annul\u00e9e sans frais et rembours\u00e9e enti\u00e8rement si l\u2019annulation a lieu au plus tard 5 jours avant la date de la prestation. Dans le cas contraire, le paiement n\u2019est pas remboursable.<\/span><\/b><\/p>\n<p style=\"margin-bottom: 6.0pt;\"><b><u><span style=\"font-size: 9.0pt; line-height: 115%; mso-bidi-font-family: Calibri; mso-bidi-theme-font: minor-latin; color: #0f243e; mso-themecolor: text2; mso-themeshade: 128;\">&nbsp;<\/span><\/u><\/b><\/p>\n<p style=\"margin-bottom: 6.0pt;\"><b><u><span style=\"font-size: 9.0pt; line-height: 115%; mso-bidi-font-family: Calibri; mso-bidi-theme-font: minor-latin; color: #0f243e; mso-themecolor: text2; mso-themeshade: 128;\">Bloctel<\/span><\/u><\/b><\/p>\n<p style=\"margin-bottom: 6.0pt;\"><b><span style=\"font-size: 9pt; line-height: 115%; color: #0f243e; background-image: initial; background-position: initial; background-size: initial; background-repeat: initial; background-attachment: initial; background-origin: initial; background-clip: initial;\">Vous nous avez communiqu\u00e9 vos num\u00e9ros de t\u00e9l\u00e9phone et adresse mail, nous vous informons de votre droit \u00e0 vous inscrire sur la liste d&rsquo;opposition au d\u00e9marchage t\u00e9l\u00e9phonique. Vos donn\u00e9es personnelles ne seront ni vendues ni donn\u00e9es.<\/span><\/b><b><\/b><\/p>\n<p style=\"margin-bottom: 6.0pt;\"><b><u><span style=\"font-size: 9.0pt; line-height: 115%; color: #0f243e; mso-themecolor: text2; mso-themeshade: 128;\">&nbsp;<\/span><\/u><\/b><\/p>\n<p style=\"margin-bottom: 6.0pt;\"><b><u><span style=\"font-size: 9.0pt; line-height: 115%; color: #0f243e; mso-themecolor: text2; mso-themeshade: 128;\">Litiges<\/span><\/u><\/b><\/p>\n<p style=\"margin-bottom: 6.0pt;\"><b style=\"font-family: var( --e-global-typography-text-font-family ), Sans-serif; font-size: 12px; color: rgb(15, 36, 62);\">M\u00e9diateur de la consommation : D Decanter, Cour d\u2019appel de versailles. La Passerelle de Houdan au 01 30 41 65 10<\/b><br><\/p>\n<p style=\"margin-bottom: 6.0pt;\"><b style=\"font-size: 12px; color: rgb(15, 36, 62); font-family: var( --e-global-typography-text-font-family ), Sans-serif;\">Marc Baubion&nbsp;<\/b><br><\/p>\n<p style=\"margin-bottom: 6.0pt;\"><b style=\"font-size: 12px; color: rgb(15, 36, 62); font-family: var( --e-global-typography-text-font-family ), Sans-serif;\">340, rue des abreuvoirs<\/b><br><\/p>\n<p style=\"margin-bottom: 6.0pt;\"><b style=\"font-size: 12px; color: rgb(15, 36, 62); font-family: var( --e-global-typography-text-font-family ), Sans-serif;\">78550 Houdan<\/b><br><\/p>\n<p style=\"margin-bottom: 6.0pt;\"><b style=\"font-size: 12px; color: rgb(15, 36, 62); font-family: var( --e-global-typography-text-font-family ), Sans-serif;\">Siret 51038324300027<\/b><br><\/p>\n<p style=\"margin-bottom: 0cm; text-align: center;\" align=\"center\"><br><\/p>\n<\/div>\n<\/div>\n<\/div>\n<\/div>\t\t\t\t\t\t\t\t<\/div>\n\t\t\t\t<\/div>\n\t\t\t\t\t<\/div>\n\t\t<\/div>\n\t\t\t\t\t<\/div>\n\t\t<\/section>\n\t\t\t\t<\/div>\n\t\t","protected":false},"excerpt":{"rendered":"<p>Conditions g\u00e9n\u00e9rales de vente &nbsp; Tarifs des chambres (petit d\u00e9jeuner compris) Chambre simple (1 personne) avec salle de douche 105 \u20ac Chambre double (2 personnes) avec salle de douche 115 \u20ac Chambre Triple (3 personnes) &nbsp;avec salle de douche 140 \u20ac Le parking, la connexion internet et la piscine (ouverte du 15 mai au 15 septembre) sont mis \u00e0 disposition&#8230;<\/p>\n","protected":false},"author":1,"featured_media":1420,"parent":0,"menu_order":0,"comment_status":"closed","ping_status":"closed","template":"my-templates\/template-fullscreen.php","meta":{"footnotes":""},"class_list":["post-2002","page","type-page","status-publish","has-post-thumbnail","hentry"],"yoast_head":"<!-- This site is optimized with the Yoast SEO plugin v25.6 - https:\/\/yoast.com\/wordpress\/plugins\/seo\/ -->\n<title>CGV - Moulin 1826 - Restaurant et chambres d&#039;h\u00f4tes \u00e0 Houdan<\/title>\n<meta name=\"robots\" content=\"index, follow, max-snippet:-1, max-image-preview:large, max-video-preview:-1\" \/>\n<link rel=\"canonical\" href=\"https:\/\/moulin-1826.fr\/?page_id=2002\" \/>\n<meta property=\"og:locale\" content=\"fr_FR\" \/>\n<meta property=\"og:type\" content=\"article\" \/>\n<meta property=\"og:title\" content=\"CGV - Moulin 1826 - Restaurant et chambres d&#039;h\u00f4tes \u00e0 Houdan\" \/>\n<meta property=\"og:description\" content=\"Conditions g\u00e9n\u00e9rales de vente &nbsp; Tarifs des chambres (petit d\u00e9jeuner compris) Chambre simple (1 personne) avec salle de douche 105 \u20ac Chambre double (2 personnes) avec salle de douche 115 \u20ac Chambre Triple (3 personnes) &nbsp;avec salle de douche 140 \u20ac Le parking, la connexion internet et la piscine (ouverte du 15 mai au 15 septembre) sont mis \u00e0 disposition...\" \/>\n<meta property=\"og:url\" content=\"https:\/\/moulin-1826.fr\/?page_id=2002\" \/>\n<meta property=\"og:site_name\" content=\"Moulin 1826 - Restaurant et chambres d&#039;h\u00f4tes \u00e0 Houdan\" \/>\n<meta property=\"article:publisher\" content=\"https:\/\/www.facebook.com\/Le-1826-Le-moulin-114921310237913\" \/>\n<meta property=\"article:modified_time\" content=\"2024-01-10T08:30:29+00:00\" \/>\n<meta property=\"og:image\" content=\"https:\/\/moulin-1826.fr\/wp-content\/uploads\/2020\/05\/restaurant-chambres-d-hotes-houdan-yvelines.jpg\" \/>\n\t<meta property=\"og:image:width\" content=\"1257\" \/>\n\t<meta property=\"og:image:height\" content=\"865\" \/>\n\t<meta property=\"og:image:type\" content=\"image\/jpeg\" \/>\n<meta name=\"twitter:card\" content=\"summary_large_image\" \/>\n<meta name=\"twitter:label1\" content=\"Dur\u00e9e de lecture estim\u00e9e\" \/>\n\t<meta name=\"twitter:data1\" content=\"2 minutes\" \/>\n<script type=\"application\/ld+json\" class=\"yoast-schema-graph\">{\"@context\":\"https:\/\/schema.org\",\"@graph\":[{\"@type\":\"WebPage\",\"@id\":\"https:\/\/moulin-1826.fr\/?page_id=2002\",\"url\":\"https:\/\/moulin-1826.fr\/?page_id=2002\",\"name\":\"CGV - Moulin 1826 - Restaurant et chambres d&#039;h\u00f4tes \u00e0 Houdan\",\"isPartOf\":{\"@id\":\"https:\/\/moulin-1826.fr\/#website\"},\"primaryImageOfPage\":{\"@id\":\"https:\/\/moulin-1826.fr\/?page_id=2002#primaryimage\"},\"image\":{\"@id\":\"https:\/\/moulin-1826.fr\/?page_id=2002#primaryimage\"},\"thumbnailUrl\":\"https:\/\/moulin-1826.fr\/wp-content\/uploads\/2020\/05\/restaurant-chambres-d-hotes-houdan-yvelines.jpg\",\"datePublished\":\"2023-11-21T14:45:03+00:00\",\"dateModified\":\"2024-01-10T08:30:29+00:00\",\"breadcrumb\":{\"@id\":\"https:\/\/moulin-1826.fr\/?page_id=2002#breadcrumb\"},\"inLanguage\":\"fr-FR\",\"potentialAction\":[{\"@type\":\"ReadAction\",\"target\":[\"https:\/\/moulin-1826.fr\/?page_id=2002\"]}]},{\"@type\":\"ImageObject\",\"inLanguage\":\"fr-FR\",\"@id\":\"https:\/\/moulin-1826.fr\/?page_id=2002#primaryimage\",\"url\":\"https:\/\/moulin-1826.fr\/wp-content\/uploads\/2020\/05\/restaurant-chambres-d-hotes-houdan-yvelines.jpg\",\"contentUrl\":\"https:\/\/moulin-1826.fr\/wp-content\/uploads\/2020\/05\/restaurant-chambres-d-hotes-houdan-yvelines.jpg\",\"width\":1257,\"height\":865,\"caption\":\"Restaurant et Chambres d\u2019h\u00f4tes avec piscine \u00e0 Houdan Yvelines, France\"},{\"@type\":\"BreadcrumbList\",\"@id\":\"https:\/\/moulin-1826.fr\/?page_id=2002#breadcrumb\",\"itemListElement\":[{\"@type\":\"ListItem\",\"position\":1,\"name\":\"Accueil\",\"item\":\"https:\/\/moulin-1826.fr\/\"},{\"@type\":\"ListItem\",\"position\":2,\"name\":\"CGV\"}]},{\"@type\":\"WebSite\",\"@id\":\"https:\/\/moulin-1826.fr\/#website\",\"url\":\"https:\/\/moulin-1826.fr\/\",\"name\":\"Moulin 1826 - Restaurant et chambres d&#039;h\u00f4tes \u00e0 Houdan\",\"description\":\"Restaurant et chambres d&#039;h\u00f4tes \u00e0 Houdan\",\"publisher\":{\"@id\":\"https:\/\/moulin-1826.fr\/#organization\"},\"potentialAction\":[{\"@type\":\"SearchAction\",\"target\":{\"@type\":\"EntryPoint\",\"urlTemplate\":\"https:\/\/moulin-1826.fr\/?s={search_term_string}\"},\"query-input\":{\"@type\":\"PropertyValueSpecification\",\"valueRequired\":true,\"valueName\":\"search_term_string\"}}],\"inLanguage\":\"fr-FR\"},{\"@type\":\"Organization\",\"@id\":\"https:\/\/moulin-1826.fr\/#organization\",\"name\":\"Moulin 1826 - Restaurant et chambres d&#039;h\u00f4tes \u00e0 Houdan\",\"url\":\"https:\/\/moulin-1826.fr\/\",\"logo\":{\"@type\":\"ImageObject\",\"inLanguage\":\"fr-FR\",\"@id\":\"https:\/\/moulin-1826.fr\/#\/schema\/logo\/image\/\",\"url\":\"https:\/\/moulin-1826.fr\/wp-content\/uploads\/2020\/03\/cropped-LE-MOULIN-1826-LOGO-noir-v6.png\",\"contentUrl\":\"https:\/\/moulin-1826.fr\/wp-content\/uploads\/2020\/03\/cropped-LE-MOULIN-1826-LOGO-noir-v6.png\",\"width\":300,\"height\":180,\"caption\":\"Moulin 1826 - Restaurant et chambres d&#039;h\u00f4tes \u00e0 Houdan\"},\"image\":{\"@id\":\"https:\/\/moulin-1826.fr\/#\/schema\/logo\/image\/\"},\"sameAs\":[\"https:\/\/www.facebook.com\/Le-1826-Le-moulin-114921310237913\"]}]}<\/script>\n<!-- \/ Yoast SEO plugin. -->","yoast_head_json":{"title":"CGV - Moulin 1826 - Restaurant et chambres d&#039;h\u00f4tes \u00e0 Houdan","robots":{"index":"index","follow":"follow","max-snippet":"max-snippet:-1","max-image-preview":"max-image-preview:large","max-video-preview":"max-video-preview:-1"},"canonical":"https:\/\/moulin-1826.fr\/?page_id=2002","og_locale":"fr_FR","og_type":"article","og_title":"CGV - Moulin 1826 - Restaurant et chambres d&#039;h\u00f4tes \u00e0 Houdan","og_description":"Conditions g\u00e9n\u00e9rales de vente &nbsp; Tarifs des chambres (petit d\u00e9jeuner compris) Chambre simple (1 personne) avec salle de douche 105 \u20ac Chambre double (2 personnes) avec salle de douche 115 \u20ac Chambre Triple (3 personnes) &nbsp;avec salle de douche 140 \u20ac Le parking, la connexion internet et la piscine (ouverte du 15 mai au 15 septembre) sont mis \u00e0 disposition...","og_url":"https:\/\/moulin-1826.fr\/?page_id=2002","og_site_name":"Moulin 1826 - Restaurant et chambres d&#039;h\u00f4tes \u00e0 Houdan","article_publisher":"https:\/\/www.facebook.com\/Le-1826-Le-moulin-114921310237913","article_modified_time":"2024-01-10T08:30:29+00:00","og_image":[{"width":1257,"height":865,"url":"https:\/\/moulin-1826.fr\/wp-content\/uploads\/2020\/05\/restaurant-chambres-d-hotes-houdan-yvelines.jpg","type":"image\/jpeg"}],"twitter_card":"summary_large_image","twitter_misc":{"Dur\u00e9e de lecture estim\u00e9e":"2 minutes"},"schema":{"@context":"https:\/\/schema.org","@graph":[{"@type":"WebPage","@id":"https:\/\/moulin-1826.fr\/?page_id=2002","url":"https:\/\/moulin-1826.fr\/?page_id=2002","name":"CGV - Moulin 1826 - Restaurant et chambres d&#039;h\u00f4tes \u00e0 Houdan","isPartOf":{"@id":"https:\/\/moulin-1826.fr\/#website"},"primaryImageOfPage":{"@id":"https:\/\/moulin-1826.fr\/?page_id=2002#primaryimage"},"image":{"@id":"https:\/\/moulin-1826.fr\/?page_id=2002#primaryimage"},"thumbnailUrl":"https:\/\/moulin-1826.fr\/wp-content\/uploads\/2020\/05\/restaurant-chambres-d-hotes-houdan-yvelines.jpg","datePublished":"2023-11-21T14:45:03+00:00","dateModified":"2024-01-10T08:30:29+00:00","breadcrumb":{"@id":"https:\/\/moulin-1826.fr\/?page_id=2002#breadcrumb"},"inLanguage":"fr-FR","potentialAction":[{"@type":"ReadAction","target":["https:\/\/moulin-1826.fr\/?page_id=2002"]}]},{"@type":"ImageObject","inLanguage":"fr-FR","@id":"https:\/\/moulin-1826.fr\/?page_id=2002#primaryimage","url":"https:\/\/moulin-1826.fr\/wp-content\/uploads\/2020\/05\/restaurant-chambres-d-hotes-houdan-yvelines.jpg","contentUrl":"https:\/\/moulin-1826.fr\/wp-content\/uploads\/2020\/05\/restaurant-chambres-d-hotes-houdan-yvelines.jpg","width":1257,"height":865,"caption":"Restaurant et Chambres d\u2019h\u00f4tes avec piscine \u00e0 Houdan Yvelines, France"},{"@type":"BreadcrumbList","@id":"https:\/\/moulin-1826.fr\/?page_id=2002#breadcrumb","itemListElement":[{"@type":"ListItem","position":1,"name":"Accueil","item":"https:\/\/moulin-1826.fr\/"},{"@type":"ListItem","position":2,"name":"CGV"}]},{"@type":"WebSite","@id":"https:\/\/moulin-1826.fr\/#website","url":"https:\/\/moulin-1826.fr\/","name":"Moulin 1826 - Restaurant et chambres d&#039;h\u00f4tes \u00e0 Houdan","description":"Restaurant et chambres d&#039;h\u00f4tes \u00e0 Houdan","publisher":{"@id":"https:\/\/moulin-1826.fr\/#organization"},"potentialAction":[{"@type":"SearchAction","target":{"@type":"EntryPoint","urlTemplate":"https:\/\/moulin-1826.fr\/?s={search_term_string}"},"query-input":{"@type":"PropertyValueSpecification","valueRequired":true,"valueName":"search_term_string"}}],"inLanguage":"fr-FR"},{"@type":"Organization","@id":"https:\/\/moulin-1826.fr\/#organization","name":"Moulin 1826 - Restaurant et chambres d&#039;h\u00f4tes \u00e0 Houdan","url":"https:\/\/moulin-1826.fr\/","logo":{"@type":"ImageObject","inLanguage":"fr-FR","@id":"https:\/\/moulin-1826.fr\/#\/schema\/logo\/image\/","url":"https:\/\/moulin-1826.fr\/wp-content\/uploads\/2020\/03\/cropped-LE-MOULIN-1826-LOGO-noir-v6.png","contentUrl":"https:\/\/moulin-1826.fr\/wp-content\/uploads\/2020\/03\/cropped-LE-MOULIN-1826-LOGO-noir-v6.png","width":300,"height":180,"caption":"Moulin 1826 - Restaurant et chambres d&#039;h\u00f4tes \u00e0 Houdan"},"image":{"@id":"https:\/\/moulin-1826.fr\/#\/schema\/logo\/image\/"},"sameAs":["https:\/\/www.facebook.com\/Le-1826-Le-moulin-114921310237913"]}]}},"_links":{"self":[{"href":"https:\/\/moulin-1826.fr\/index.php?rest_route=\/wp\/v2\/pages\/2002"}],"collection":[{"href":"https:\/\/moulin-1826.fr\/index.php?rest_route=\/wp\/v2\/pages"}],"about":[{"href":"https:\/\/moulin-1826.fr\/index.php?rest_route=\/wp\/v2\/types\/page"}],"author":[{"embeddable":true,"href":"https:\/\/moulin-1826.fr\/index.php?rest_route=\/wp\/v2\/users\/1"}],"replies":[{"embeddable":true,"href":"https:\/\/moulin-1826.fr\/index.php?rest_route=%2Fwp%2Fv2%2Fcomments&post=2002"}],"version-history":[{"count":12,"href":"https:\/\/moulin-1826.fr\/index.php?rest_route=\/wp\/v2\/pages\/2002\/revisions"}],"predecessor-version":[{"id":2030,"href":"https:\/\/moulin-1826.fr\/index.php?rest_route=\/wp\/v2\/pages\/2002\/revisions\/2030"}],"wp:featuredmedia":[{"embeddable":true,"href":"https:\/\/moulin-1826.fr\/index.php?rest_route=\/wp\/v2\/media\/1420"}],"wp:attachment":[{"href":"https:\/\/moulin-1826.fr\/index.php?rest_route=%2Fwp%2Fv2%2Fmedia&parent=2002"}],"curies":[{"name":"wp","href":"https:\/\/api.w.org\/{rel}","templated":true}]}}